{"id":13,"date":"2023-08-03T16:03:40","date_gmt":"2023-08-03T19:03:40","guid":{"rendered":"https:\/\/gridacessorios.com.br\/blog\/?page_id=13"},"modified":"2026-03-25T14:53:56","modified_gmt":"2026-03-25T17:53:56","slug":"posts","status":"publish","type":"page","link":"https:\/\/gridacessorios.com.br\/blog\/","title":{"rendered":"Posts"},"content":{"rendered":"\t\t<div data-elementor-type=\"wp-page\" data-elementor-id=\"13\" class=\"elementor elementor-13\">\n\t\t\t\t\t\t<section class=\"elementor-section elementor-top-section elementor-element elementor-element-3a202e8 elementor-section-boxed elementor-section-height-default elementor-section-height-default wpr-particle-no wpr-jarallax-no wpr-parallax-no wpr-sticky-section-no\" data-id=\"3a202e8\" data-element_type=\"section\" data-e-type=\"section\">\n\t\t\t\t\t\t<div class=\"elementor-container elementor-column-gap-default\">\n\t\t\t\t\t<div class=\"elementor-column elementor-col-100 elementor-top-column elementor-element elementor-element-cc54e02\" data-id=\"cc54e02\" data-element_type=\"column\" data-e-type=\"column\">\n\t\t\t<div class=\"elementor-widget-wrap elementor-element-populated\">\n\t\t\t\t\t\t<div class=\"elementor-element elementor-element-cb59d26 premium-blog-align-left elementor-widget elementor-widget-premium-addon-blog\" data-id=\"cb59d26\" data-element_type=\"widget\" data-e-type=\"widget\" data-settings=\"{&quot;premium_blog_columns_number&quot;:&quot;100%&quot;,&quot;premium_blog_grid&quot;:&quot;yes&quot;,&quot;premium_blog_layout&quot;:&quot;even&quot;,&quot;premium_blog_columns_number_tablet&quot;:&quot;50%&quot;,&quot;premium_blog_columns_number_mobile&quot;:&quot;100%&quot;}\" data-widget_type=\"premium-addon-blog.default\">\n\t\t\t\t<div class=\"elementor-widget-container\">\n\t\t\t\t\t\r\n\t\t\r\n\r\n\t\t\t\t<div class=\"premium-blog-wrap  premium-blog-even\" data-page=\"13\">\r\n\t\t\t\t\t\t\t\t\t<div class=\"premium-blog-post-outer-container\" data-total=\"1\">\r\n\t\t\t<div class=\"premium-blog-post-container premium-blog-skin-side\">\r\n\t\t\t\t\t\t\t\t\t<div class=\"premium-blog-thumb-effect-wrapper\">\r\n\t\t\t\t\t\t<div class=\"premium-blog-thumbnail-container premium-blog-zoomin-effect\">\r\n\t\t\t\t\t\t\t<img fetchpriority=\"high\" decoding=\"async\" width=\"1080\" height=\"1350\" src=\"https:\/\/gridacessorios.com.br\/blog\/wp-content\/uploads\/70.png\" class=\"attachment-full size-full wp-image-536\" alt=\"\" srcset=\"https:\/\/gridacessorios.com.br\/blog\/wp-content\/uploads\/70.png 1080w, https:\/\/gridacessorios.com.br\/blog\/wp-content\/uploads\/70-240x300.png 240w, https:\/\/gridacessorios.com.br\/blog\/wp-content\/uploads\/70-819x1024.png 819w, https:\/\/gridacessorios.com.br\/blog\/wp-content\/uploads\/70-768x960.png 768w\" sizes=\"(max-width: 1080px) 100vw, 1080px\" \/>\t\t\t\t\t\t<\/div>\r\n\t\t\t\t\t\t\t\t\t\t\t\t\t<div class=\"premium-blog-thumbnail-overlay\">\r\n\t\t\t\t\t\t\t\t<a class=\"elementor-icon\" href=\"https:\/\/gridacessorios.com.br\/blog\/autopar-2026-o-ponto-de-encontro-gigante-do-setor-automotivo-no-sul-do-brasil\/\" target=\"_self\"><\/a>\r\n\t\t\t\t\t\t\t<\/div>\r\n\r\n\t\t\t\t\t\t\t\t\t\t\t\t\t\t\t\t\t\t<\/div>\r\n\t\t\t\t\t\t\t\t\t\t\t\t<div class=\"premium-blog-content-wrapper \">\r\n\r\n\t\t\t\t\t<div class=\"premium-blog-inner-container\">\r\n\r\n\t\t\t\t\t\t\t\t\t\t\t\t\t\t<h2 class=\"premium-blog-entry-title\">\r\n\t\t\t<a href=\"https:\/\/gridacessorios.com.br\/blog\/autopar-2026-o-ponto-de-encontro-gigante-do-setor-automotivo-no-sul-do-brasil\/\" target=\"_self\">\r\n\t\t\t\tAutopar 2026: O Ponto de Encontro Gigante do Setor Automotivo no Sul do Brasil\t\t\t<\/a>\r\n\t\t<\/h2>\r\n\t\t\t\t<div class=\"premium-blog-entry-meta\">\r\n\t\t\t\r\n\t\t\t\t\t\t\t<span class=\"premium-blog-meta-separator\">\u2022<\/span>\r\n\t\t\t\t<div class=\"premium-blog-post-time premium-blog-meta-data\">\r\n\t\t\t\t\t<i class=\"fa fa-calendar-alt\" aria-hidden=\"true\"><\/i>\r\n\t\t\t\t\t<span>20 de abril de 2026<\/span>\r\n\t\t\t\t<\/div>\r\n\t\t\t\r\n\t\t\t\r\n\t\t\t\t\t<\/div>\r\n\t\t\r\n\t\t\t\t\t<\/div>\r\n\r\n\t\t\t\t\t\t\t<div class=\"premium-blog-content-inner-wrapper\">\r\n\t\t<p class=\"premium-blog-post-content\">O mercado automotivo brasileiro vive um momento de transforma\u00e7\u00e3o e crescimento, e nenhum evento traduz melhor essa energia do que a Autopar<\/p><div class=\"premium-blog-excerpt-link-wrap\"><a href=\"https:\/\/gridacessorios.com.br\/blog\/autopar-2026-o-ponto-de-encontro-gigante-do-setor-automotivo-no-sul-do-brasil\/\" target=\"_self\" class=\"premium-blog-excerpt-link elementor-button\">LEIA MAIS<\/a><\/div>\t\t<\/div>\r\n\t\t\t\t\t\t\t\r\n\t\t\t\t<\/div>\r\n\t\t\t<\/div>\r\n\t\t<\/div>\r\n\r\n\t\t\t\t\t\t\t<\/div>\r\n\r\n\t\t\r\n\t\t\r\n\t\t\t\t\t\t<\/div>\n\t\t\t\t<\/div>\n\t\t\t\t\t<\/div>\n\t\t<\/div>\n\t\t\t\t\t<\/div>\n\t\t<\/section>\n\t\t\t\t<section class=\"elementor-section elementor-top-section elementor-element elementor-element-355e717 elementor-section-boxed elementor-section-height-default elementor-section-height-default wpr-particle-no wpr-jarallax-no wpr-parallax-no wpr-sticky-section-no\" data-id=\"355e717\" data-element_type=\"section\" data-e-type=\"section\">\n\t\t\t\t\t\t<div class=\"elementor-container elementor-column-gap-default\">\n\t\t\t\t\t<div class=\"elementor-column elementor-col-100 elementor-top-column elementor-element elementor-element-6e7354e\" data-id=\"6e7354e\" data-element_type=\"column\" data-e-type=\"column\">\n\t\t\t<div class=\"elementor-widget-wrap elementor-element-populated\">\n\t\t\t\t\t\t<div class=\"elementor-element elementor-element-d0ccbb1 elementor-widget elementor-widget-heading\" data-id=\"d0ccbb1\" data-element_type=\"widget\" data-e-type=\"widget\" data-widget_type=\"heading.default\">\n\t\t\t\t<div class=\"elementor-widget-container\">\n\t\t\t\t\t<h2 class=\"elementor-heading-title elementor-size-default\">MAIS PUBLICA\u00c7\u00d5ES<\/h2>\t\t\t\t<\/div>\n\t\t\t\t<\/div>\n\t\t\t\t<div class=\"elementor-element elementor-element-2d00aed elementor-grid-eael-col-3 elementor-grid-tablet-eael-col-2 elementor-grid-mobile-eael-col-1 elementor-widget elementor-widget-eael-post-grid\" data-id=\"2d00aed\" data-element_type=\"widget\" data-e-type=\"widget\" data-settings=\"{&quot;eael_post_grid_columns&quot;:&quot;eael-col-3&quot;,&quot;eael_post_grid_columns_tablet&quot;:&quot;eael-col-2&quot;,&quot;eael_post_grid_columns_mobile&quot;:&quot;eael-col-1&quot;}\" data-widget_type=\"eael-post-grid.default\">\n\t\t\t\t<div class=\"elementor-widget-container\">\n\t\t\t\t\t<div id=\"eael-post-grid-2d00aed\" class=\"eael-post-grid-container\">\n            <div class=\"eael-post-grid eael-post-appender eael-post-appender-2d00aed eael-post-grid-style-two\" data-layout-mode=\"grid\"><article class=\"eael-grid-post  eael-post-grid-column eael-pg-post-533 category-sem-categoria\" data-id=\"533\">\n    <div class=\"eael-grid-post-holder\">\n        <div class=\"eael-grid-post-holder-inner\"><div class=\"eael-entry-media\"><div class=\"eael-entry-overlay fade-in\"><i class=\"fas fa-long-arrow-alt-right\" aria-hidden=\"true\"><\/i><a href=\"https:\/\/gridacessorios.com.br\/blog\/autopar-2026-o-ponto-de-encontro-gigante-do-setor-automotivo-no-sul-do-brasil\/\"><\/a><\/div><div class=\"eael-entry-thumbnail \">\n                            <img decoding=\"async\" width=\"240\" height=\"300\" src=\"https:\/\/gridacessorios.com.br\/blog\/wp-content\/uploads\/70-240x300.png\" class=\"attachment-medium size-medium wp-image-536\" alt=\"\" srcset=\"https:\/\/gridacessorios.com.br\/blog\/wp-content\/uploads\/70-240x300.png 240w, https:\/\/gridacessorios.com.br\/blog\/wp-content\/uploads\/70-819x1024.png 819w, https:\/\/gridacessorios.com.br\/blog\/wp-content\/uploads\/70-768x960.png 768w, https:\/\/gridacessorios.com.br\/blog\/wp-content\/uploads\/70.png 1080w\" sizes=\"(max-width: 240px) 100vw, 240px\" \/>\n                            <\/div>\n                    <\/div><div class=\"eael-entry-wrapper\"><header class=\"eael-entry-header\"><h2 class=\"eael-entry-title\"><a class=\"eael-grid-post-link\" href=\"https:\/\/gridacessorios.com.br\/blog\/autopar-2026-o-ponto-de-encontro-gigante-do-setor-automotivo-no-sul-do-brasil\/\" title=\"Autopar 2026: O Ponto de Encontro Gigante do Setor Automotivo no Sul do Brasil\">Autopar 2026: O Ponto de Encontro Gigante do Setor Automotivo no Sul do Brasil<\/a><\/h2><\/header><div class=\"eael-entry-content\">\n                                <div class=\"eael-grid-post-excerpt\"><p>O mercado automotivo brasileiro vive um momento de transforma\u00e7\u00e3o e...<\/p><\/div>\n                            <\/div><div class=\"eael-entry-header-after style-two\"><div class=\"eael-entry-meta\"><span class=\"eael-meta-posted-on\"><i class=\"far fa-clock\"><\/i><time datetime=\"20 de abril de 2026\">20 de abril de 2026<\/time><\/span><\/div><\/div><\/div><\/div>\n    <\/div>\n<\/article><\/div>\n            <div class=\"clearfix\"><\/div>\n        <\/div>\t\t\t\t<\/div>\n\t\t\t\t<\/div>\n\t\t\t\t\t<\/div>\n\t\t<\/div>\n\t\t\t\t\t<\/div>\n\t\t<\/section>\n\t\t\t\t<section class=\"elementor-section elementor-top-section elementor-element elementor-element-d8277e3 elementor-hidden-desktop elementor-hidden-tablet elementor-hidden-mobile elementor-section-boxed elementor-section-height-default elementor-section-height-default wpr-particle-no wpr-jarallax-no wpr-parallax-no wpr-sticky-section-no\" data-id=\"d8277e3\" data-element_type=\"section\" data-e-type=\"section\">\n\t\t\t\t\t\t<div class=\"elementor-container elementor-column-gap-default\">\n\t\t\t\t\t<div class=\"elementor-column elementor-col-100 elementor-top-column elementor-element elementor-element-ac72ec1\" data-id=\"ac72ec1\" data-element_type=\"column\" data-e-type=\"column\">\n\t\t\t<div class=\"elementor-widget-wrap elementor-element-populated\">\n\t\t\t\t\t\t<div class=\"elementor-element elementor-element-04ae98e elementor-widget elementor-widget-heading\" data-id=\"04ae98e\" data-element_type=\"widget\" data-e-type=\"widget\" data-widget_type=\"heading.default\">\n\t\t\t\t<div class=\"elementor-widget-container\">\n\t\t\t\t\t<h2 class=\"elementor-heading-title elementor-size-default\">MATERIAIS PREMIUM<\/h2>\t\t\t\t<\/div>\n\t\t\t\t<\/div>\n\t\t\t\t<div class=\"elementor-element elementor-element-530c8bf elementor-grid-eael-col-3 elementor-grid-tablet-eael-col-2 elementor-grid-mobile-eael-col-1 elementor-widget elementor-widget-eael-post-grid\" data-id=\"530c8bf\" data-element_type=\"widget\" data-e-type=\"widget\" data-settings=\"{&quot;eael_post_grid_columns&quot;:&quot;eael-col-3&quot;,&quot;eael_post_grid_columns_tablet&quot;:&quot;eael-col-2&quot;,&quot;eael_post_grid_columns_mobile&quot;:&quot;eael-col-1&quot;}\" data-widget_type=\"eael-post-grid.default\">\n\t\t\t\t<div class=\"elementor-widget-container\">\n\t\t\t\t\t<div id=\"eael-post-grid-530c8bf\" class=\"eael-post-grid-container\">\n            <div class=\"eael-post-grid eael-post-appender eael-post-appender-530c8bf eael-post-grid-style-one\" data-layout-mode=\"grid\"><article class=\"eael-grid-post  eael-post-grid-column eael-pg-post-533 category-sem-categoria\" data-id=\"533\">\n        <div class=\"eael-grid-post-holder\">\n            <div class=\"eael-grid-post-holder-inner\"><div class=\"eael-entry-media\"><div class=\"eael-entry-overlay fade-in\"><i class=\"fas fa-long-arrow-alt-right\" aria-hidden=\"true\"><\/i><a href=\"https:\/\/gridacessorios.com.br\/blog\/autopar-2026-o-ponto-de-encontro-gigante-do-setor-automotivo-no-sul-do-brasil\/\"><\/a><\/div><div class=\"eael-entry-thumbnail \">\n                <img decoding=\"async\" width=\"240\" height=\"300\" src=\"https:\/\/gridacessorios.com.br\/blog\/wp-content\/uploads\/70-240x300.png\" class=\"attachment-medium size-medium wp-image-536\" alt=\"\" srcset=\"https:\/\/gridacessorios.com.br\/blog\/wp-content\/uploads\/70-240x300.png 240w, https:\/\/gridacessorios.com.br\/blog\/wp-content\/uploads\/70-819x1024.png 819w, https:\/\/gridacessorios.com.br\/blog\/wp-content\/uploads\/70-768x960.png 768w, https:\/\/gridacessorios.com.br\/blog\/wp-content\/uploads\/70.png 1080w\" sizes=\"(max-width: 240px) 100vw, 240px\" \/>\n            <\/div>\n        <\/div><\/div>\n        <\/div>\n    <\/article><\/div>\n            <div class=\"clearfix\"><\/div>\n        <\/div>\t\t\t\t<\/div>\n\t\t\t\t<\/div>\n\t\t\t\t\t<\/div>\n\t\t<\/div>\n\t\t\t\t\t<\/div>\n\t\t<\/section>\n\t\t\t\t<section class=\"elementor-section elementor-top-section elementor-element elementor-element-5769ede ct-section-stretched elementor-hidden-desktop elementor-hidden-tablet elementor-hidden-mobile elementor-section-boxed elementor-section-height-default elementor-section-height-default wpr-particle-no wpr-jarallax-no wpr-parallax-no wpr-sticky-section-no\" data-id=\"5769ede\" data-element_type=\"section\" data-e-type=\"section\" id=\"newsletter\" data-settings=\"{&quot;background_background&quot;:&quot;classic&quot;}\">\n\t\t\t\t\t\t<div class=\"elementor-container elementor-column-gap-default\">\n\t\t\t\t\t<div class=\"elementor-column elementor-col-100 elementor-top-column elementor-element elementor-element-85ef939\" data-id=\"85ef939\" data-element_type=\"column\" data-e-type=\"column\">\n\t\t\t<div class=\"elementor-widget-wrap elementor-element-populated\">\n\t\t\t\t\t\t<div class=\"elementor-element elementor-element-3aa4d53 elementor-widget elementor-widget-heading\" data-id=\"3aa4d53\" data-element_type=\"widget\" data-e-type=\"widget\" data-widget_type=\"heading.default\">\n\t\t\t\t<div class=\"elementor-widget-container\">\n\t\t\t\t\t<h2 class=\"elementor-heading-title elementor-size-default\">Assine a Newsletter<\/h2>\t\t\t\t<\/div>\n\t\t\t\t<\/div>\n\t\t\t\t<section class=\"elementor-section elementor-inner-section elementor-element elementor-element-8b07d34 elementor-section-boxed elementor-section-height-default elementor-section-height-default wpr-particle-no wpr-jarallax-no wpr-parallax-no wpr-sticky-section-no\" data-id=\"8b07d34\" data-element_type=\"section\" data-e-type=\"section\">\n\t\t\t\t\t\t<div class=\"elementor-container elementor-column-gap-default\">\n\t\t\t\t\t<div class=\"elementor-column elementor-col-100 elementor-inner-column elementor-element elementor-element-2c87ed8\" data-id=\"2c87ed8\" data-element_type=\"column\" data-e-type=\"column\">\n\t\t\t<div class=\"elementor-widget-wrap elementor-element-populated\">\n\t\t\t\t\t\t<div class=\"elementor-element elementor-element-2a9c862 elementor-widget elementor-widget-html\" data-id=\"2a9c862\" data-element_type=\"widget\" data-e-type=\"widget\" data-widget_type=\"html.default\">\n\t\t\t\t<div class=\"elementor-widget-container\">\n\t\t\t\t\t<script charset=\"utf-8\" type=\"text\/javascript\" src=\"\/\/js.hsforms.net\/forms\/embed\/v2.js\"><\/script>\r\n<script>\r\n  hbspt.forms.create({\r\n    region: \"na1\",\r\n    portalId: \"41897509\",\r\n    formId: \"b351ec29-b147-46fe-977f-cfeb71b17d81\"\r\n  });\r\n<\/script>\t\t\t\t<\/div>\n\t\t\t\t<\/div>\n\t\t\t\t\t<\/div>\n\t\t<\/div>\n\t\t\t\t\t<\/div>\n\t\t<\/section>\n\t\t\t\t\t<\/div>\n\t\t<\/div>\n\t\t\t\t\t<\/div>\n\t\t<\/section>\n\t\t\t\t<\/div>\n\t\t","protected":false},"excerpt":{"rendered":"<p>Por tr\u00e1s de todo neg\u00f3cio de sucesso, existe uma log\u00edstica inteligente e bem executada \u2022 9 de fevereiro de 2026 Em um mercado cada vez mais competitivo, din\u00e2mico e orientado pela experi\u00eancia do cliente, a log\u00edstica deixou de ser apenas uma fun\u00e7\u00e3o LEIA MAIS MAIS PUBLICA\u00c7\u00d5ES Por tr\u00e1s de todo neg\u00f3cio de sucesso, existe uma log\u00edstica inteligente e bem executada Em um mercado cada vez mais competitivo, din\u00e2mico e orientado&#8230; 9 de fevereiro de 2026 MATERIAIS PREMIUM Assine a Newsletter<\/p>\n","protected":false},"author":1,"featured_media":0,"parent":0,"menu_order":0,"comment_status":"closed","ping_status":"closed","template":"elementor_header_footer","meta":{"footnotes":""},"class_list":["post-13","page","type-page","status-publish","hentry"],"blocksy_meta":[],"yoast_head":"<!-- This site is optimized with the Yoast SEO plugin v27.2 - https:\/\/yoast.com\/product\/yoast-seo-wordpress\/ -->\n<title>Posts - Blog Grid Acess\u00f3rios<\/title>\n<meta name=\"robots\" content=\"index, follow, max-snippet:-1, max-image-preview:large, max-video-preview:-1\" \/>\n<link rel=\"canonical\" href=\"https:\/\/gridacessorios.com.br\/blog\/\" \/>\n<meta property=\"og:locale\" content=\"pt_BR\" \/>\n<meta property=\"og:type\" content=\"article\" \/>\n<meta property=\"og:title\" content=\"Posts - Blog Grid Acess\u00f3rios\" \/>\n<meta property=\"og:description\" content=\"Por tr\u00e1s de todo neg\u00f3cio de sucesso, existe uma log\u00edstica inteligente e bem executada \u2022 9 de fevereiro de 2026 Em um mercado cada vez mais competitivo, din\u00e2mico e orientado pela experi\u00eancia do cliente, a log\u00edstica deixou de ser apenas uma fun\u00e7\u00e3o LEIA MAIS MAIS PUBLICA\u00c7\u00d5ES Por tr\u00e1s de todo neg\u00f3cio de sucesso, existe uma log\u00edstica inteligente e bem executada Em um mercado cada vez mais competitivo, din\u00e2mico e orientado&#8230; 9 de fevereiro de 2026 MATERIAIS PREMIUM Assine a Newsletter\" \/>\n<meta property=\"og:url\" content=\"https:\/\/gridacessorios.com.br\/blog\/\" \/>\n<meta property=\"og:site_name\" content=\"Blog Grid Acess\u00f3rios\" \/>\n<meta property=\"article:modified_time\" content=\"2026-03-25T17:53:56+00:00\" \/>\n<meta property=\"og:image\" content=\"https:\/\/gridacessorios.com.br\/blog\/wp-content\/uploads\/Modernizacao-de-aplicacoes-CoE-Dedalus-e-AWS-1.jpg\" \/>\n\t<meta property=\"og:image:width\" content=\"1254\" \/>\n\t<meta property=\"og:image:height\" content=\"837\" \/>\n\t<meta property=\"og:image:type\" content=\"image\/jpeg\" \/>\n<meta name=\"twitter:card\" content=\"summary_large_image\" \/>\n<meta name=\"twitter:label1\" content=\"Est. tempo de leitura\" \/>\n\t<meta name=\"twitter:data1\" content=\"2 minutos\" \/>\n<script type=\"application\/ld+json\" class=\"yoast-schema-graph\">{\"@context\":\"https:\/\/schema.org\",\"@graph\":[{\"@type\":\"WebPage\",\"@id\":\"https:\/\/gridacessorios.com.br\/blog\/\",\"url\":\"https:\/\/gridacessorios.com.br\/blog\/\",\"name\":\"Posts - Blog Grid Acess\u00f3rios\",\"isPartOf\":{\"@id\":\"https:\/\/gridacessorios.com.br\/blog\/#website\"},\"primaryImageOfPage\":{\"@id\":\"https:\/\/gridacessorios.com.br\/blog\/#primaryimage\"},\"image\":{\"@id\":\"https:\/\/gridacessorios.com.br\/blog\/#primaryimage\"},\"thumbnailUrl\":\"https:\/\/gridacessorios.com.br\/blog\/wp-content\/uploads\/Modernizacao-de-aplicacoes-CoE-Dedalus-e-AWS-1.jpg\",\"datePublished\":\"2023-08-03T19:03:40+00:00\",\"dateModified\":\"2026-03-25T17:53:56+00:00\",\"breadcrumb\":{\"@id\":\"https:\/\/gridacessorios.com.br\/blog\/#breadcrumb\"},\"inLanguage\":\"pt-BR\",\"potentialAction\":[{\"@type\":\"ReadAction\",\"target\":[\"https:\/\/gridacessorios.com.br\/blog\/\"]}]},{\"@type\":\"ImageObject\",\"inLanguage\":\"pt-BR\",\"@id\":\"https:\/\/gridacessorios.com.br\/blog\/#primaryimage\",\"url\":\"https:\/\/gridacessorios.com.br\/blog\/wp-content\/uploads\/Modernizacao-de-aplicacoes-CoE-Dedalus-e-AWS-1.jpg\",\"contentUrl\":\"https:\/\/gridacessorios.com.br\/blog\/wp-content\/uploads\/Modernizacao-de-aplicacoes-CoE-Dedalus-e-AWS-1.jpg\",\"width\":1254,\"height\":837},{\"@type\":\"BreadcrumbList\",\"@id\":\"https:\/\/gridacessorios.com.br\/blog\/#breadcrumb\",\"itemListElement\":[{\"@type\":\"ListItem\",\"position\":1,\"name\":\"In\u00edcio\",\"item\":\"https:\/\/gridacessorios.com.br\/blog\/\"},{\"@type\":\"ListItem\",\"position\":2,\"name\":\"Posts\"}]},{\"@type\":\"WebSite\",\"@id\":\"https:\/\/gridacessorios.com.br\/blog\/#website\",\"url\":\"https:\/\/gridacessorios.com.br\/blog\/\",\"name\":\"Blog Grid Acess\u00f3rios\",\"description\":\"\",\"publisher\":{\"@id\":\"https:\/\/gridacessorios.com.br\/blog\/#organization\"},\"potentialAction\":[{\"@type\":\"SearchAction\",\"target\":{\"@type\":\"EntryPoint\",\"urlTemplate\":\"https:\/\/gridacessorios.com.br\/blog\/?s={search_term_string}\"},\"query-input\":{\"@type\":\"PropertyValueSpecification\",\"valueRequired\":true,\"valueName\":\"search_term_string\"}}],\"inLanguage\":\"pt-BR\"},{\"@type\":\"Organization\",\"@id\":\"https:\/\/gridacessorios.com.br\/blog\/#organization\",\"name\":\"Blog Grid Acess\u00f3rios\",\"url\":\"https:\/\/gridacessorios.com.br\/blog\/\",\"logo\":{\"@type\":\"ImageObject\",\"inLanguage\":\"pt-BR\",\"@id\":\"https:\/\/gridacessorios.com.br\/blog\/#\/schema\/logo\/image\/\",\"url\":\"https:\/\/gridacessorios.com.br\/blog\/wp-content\/uploads\/logo-grid-v2.png\",\"contentUrl\":\"https:\/\/gridacessorios.com.br\/blog\/wp-content\/uploads\/logo-grid-v2.png\",\"width\":134,\"height\":65,\"caption\":\"Blog Grid Acess\u00f3rios\"},\"image\":{\"@id\":\"https:\/\/gridacessorios.com.br\/blog\/#\/schema\/logo\/image\/\"}}]}<\/script>\n<!-- \/ Yoast SEO plugin. -->","yoast_head_json":{"title":"Posts - Blog Grid Acess\u00f3rios","robots":{"index":"index","follow":"follow","max-snippet":"max-snippet:-1","max-image-preview":"max-image-preview:large","max-video-preview":"max-video-preview:-1"},"canonical":"https:\/\/gridacessorios.com.br\/blog\/","og_locale":"pt_BR","og_type":"article","og_title":"Posts - Blog Grid Acess\u00f3rios","og_description":"Por tr\u00e1s de todo neg\u00f3cio de sucesso, existe uma log\u00edstica inteligente e bem executada \u2022 9 de fevereiro de 2026 Em um mercado cada vez mais competitivo, din\u00e2mico e orientado pela experi\u00eancia do cliente, a log\u00edstica deixou de ser apenas uma fun\u00e7\u00e3o LEIA MAIS MAIS PUBLICA\u00c7\u00d5ES Por tr\u00e1s de todo neg\u00f3cio de sucesso, existe uma log\u00edstica inteligente e bem executada Em um mercado cada vez mais competitivo, din\u00e2mico e orientado&#8230; 9 de fevereiro de 2026 MATERIAIS PREMIUM Assine a Newsletter","og_url":"https:\/\/gridacessorios.com.br\/blog\/","og_site_name":"Blog Grid Acess\u00f3rios","article_modified_time":"2026-03-25T17:53:56+00:00","og_image":[{"width":1254,"height":837,"url":"https:\/\/gridacessorios.com.br\/blog\/wp-content\/uploads\/Modernizacao-de-aplicacoes-CoE-Dedalus-e-AWS-1.jpg","type":"image\/jpeg"}],"twitter_card":"summary_large_image","twitter_misc":{"Est. tempo de leitura":"2 minutos"},"schema":{"@context":"https:\/\/schema.org","@graph":[{"@type":"WebPage","@id":"https:\/\/gridacessorios.com.br\/blog\/","url":"https:\/\/gridacessorios.com.br\/blog\/","name":"Posts - Blog Grid Acess\u00f3rios","isPartOf":{"@id":"https:\/\/gridacessorios.com.br\/blog\/#website"},"primaryImageOfPage":{"@id":"https:\/\/gridacessorios.com.br\/blog\/#primaryimage"},"image":{"@id":"https:\/\/gridacessorios.com.br\/blog\/#primaryimage"},"thumbnailUrl":"https:\/\/gridacessorios.com.br\/blog\/wp-content\/uploads\/Modernizacao-de-aplicacoes-CoE-Dedalus-e-AWS-1.jpg","datePublished":"2023-08-03T19:03:40+00:00","dateModified":"2026-03-25T17:53:56+00:00","breadcrumb":{"@id":"https:\/\/gridacessorios.com.br\/blog\/#breadcrumb"},"inLanguage":"pt-BR","potentialAction":[{"@type":"ReadAction","target":["https:\/\/gridacessorios.com.br\/blog\/"]}]},{"@type":"ImageObject","inLanguage":"pt-BR","@id":"https:\/\/gridacessorios.com.br\/blog\/#primaryimage","url":"https:\/\/gridacessorios.com.br\/blog\/wp-content\/uploads\/Modernizacao-de-aplicacoes-CoE-Dedalus-e-AWS-1.jpg","contentUrl":"https:\/\/gridacessorios.com.br\/blog\/wp-content\/uploads\/Modernizacao-de-aplicacoes-CoE-Dedalus-e-AWS-1.jpg","width":1254,"height":837},{"@type":"BreadcrumbList","@id":"https:\/\/gridacessorios.com.br\/blog\/#breadcrumb","itemListElement":[{"@type":"ListItem","position":1,"name":"In\u00edcio","item":"https:\/\/gridacessorios.com.br\/blog\/"},{"@type":"ListItem","position":2,"name":"Posts"}]},{"@type":"WebSite","@id":"https:\/\/gridacessorios.com.br\/blog\/#website","url":"https:\/\/gridacessorios.com.br\/blog\/","name":"Blog Grid Acess\u00f3rios","description":"","publisher":{"@id":"https:\/\/gridacessorios.com.br\/blog\/#organization"},"potentialAction":[{"@type":"SearchAction","target":{"@type":"EntryPoint","urlTemplate":"https:\/\/gridacessorios.com.br\/blog\/?s={search_term_string}"},"query-input":{"@type":"PropertyValueSpecification","valueRequired":true,"valueName":"search_term_string"}}],"inLanguage":"pt-BR"},{"@type":"Organization","@id":"https:\/\/gridacessorios.com.br\/blog\/#organization","name":"Blog Grid Acess\u00f3rios","url":"https:\/\/gridacessorios.com.br\/blog\/","logo":{"@type":"ImageObject","inLanguage":"pt-BR","@id":"https:\/\/gridacessorios.com.br\/blog\/#\/schema\/logo\/image\/","url":"https:\/\/gridacessorios.com.br\/blog\/wp-content\/uploads\/logo-grid-v2.png","contentUrl":"https:\/\/gridacessorios.com.br\/blog\/wp-content\/uploads\/logo-grid-v2.png","width":134,"height":65,"caption":"Blog Grid Acess\u00f3rios"},"image":{"@id":"https:\/\/gridacessorios.com.br\/blog\/#\/schema\/logo\/image\/"}}]}},"_links":{"self":[{"href":"https:\/\/gridacessorios.com.br\/blog\/wp-json\/wp\/v2\/pages\/13","targetHints":{"allow":["GET"]}}],"collection":[{"href":"https:\/\/gridacessorios.com.br\/blog\/wp-json\/wp\/v2\/pages"}],"about":[{"href":"https:\/\/gridacessorios.com.br\/blog\/wp-json\/wp\/v2\/types\/page"}],"author":[{"embeddable":true,"href":"https:\/\/gridacessorios.com.br\/blog\/wp-json\/wp\/v2\/users\/1"}],"replies":[{"embeddable":true,"href":"https:\/\/gridacessorios.com.br\/blog\/wp-json\/wp\/v2\/comments?post=13"}],"version-history":[{"count":87,"href":"https:\/\/gridacessorios.com.br\/blog\/wp-json\/wp\/v2\/pages\/13\/revisions"}],"predecessor-version":[{"id":528,"href":"https:\/\/gridacessorios.com.br\/blog\/wp-json\/wp\/v2\/pages\/13\/revisions\/528"}],"wp:attachment":[{"href":"https:\/\/gridacessorios.com.br\/blog\/wp-json\/wp\/v2\/media?parent=13"}],"curies":[{"name":"wp","href":"https:\/\/api.w.org\/{rel}","templated":true}]}}